{"id":40,"date":"2023-07-17T14:25:00","date_gmt":"2023-07-17T14:25:00","guid":{"rendered":"http:\/\/noxiy.local\/?page_id=40"},"modified":"2024-01-04T17:39:35","modified_gmt":"2024-01-04T14:39:35","slug":"hakkimizda","status":"publish","type":"page","link":"https:\/\/riowincambalkon.com\/en\/hakkimizda\/","title":{"rendered":"About Us"},"content":{"rendered":"<div data-elementor-type=\"wp-page\" data-elementor-id=\"40\" class=\"elementor elementor-40\">\n\t\t\t\t\t\t<section class=\"elementor-section elementor-top-section elementor-element elementor-element-d28b46d elementor-section-content-middle elementor-section-boxed elementor-section-height-default elementor-section-height-default\" data-id=\"d28b46d\" data-element_type=\"section\" data-e-type=\"section\" data-settings=\"{&quot;background_background&quot;:&quot;classic&quot;}\">\n\t\t\t\t\t\t<div class=\"elementor-container elementor-column-gap-default\">\n\t\t\t\t\t<div class=\"elementor-column elementor-col-50 elementor-top-column elementor-element elementor-element-dc60365\" data-id=\"dc60365\" data-element_type=\"column\" data-e-type=\"column\">\n\t\t\t<div class=\"elementor-widget-wrap elementor-element-populated\">\n\t\t\t\t\t\t<div class=\"elementor-element elementor-element-642ca10 e-transform elementor-widget elementor-widget-image-noxiy\" data-id=\"642ca10\" data-element_type=\"widget\" data-e-type=\"widget\" data-settings=\"{&quot;_transform_scale_effect&quot;:{&quot;unit&quot;:&quot;px&quot;,&quot;size&quot;:0.9,&quot;sizes&quot;:[]},&quot;_transform_scale_effect_tablet&quot;:{&quot;unit&quot;:&quot;px&quot;,&quot;size&quot;:&quot;&quot;,&quot;sizes&quot;:[]},&quot;_transform_scale_effect_mobile&quot;:{&quot;unit&quot;:&quot;px&quot;,&quot;size&quot;:&quot;&quot;,&quot;sizes&quot;:[]}}\" data-widget_type=\"image-noxiy.default\">\n\t\t\t\t<div class=\"elementor-widget-container\">\n\t\t\t\t\t\r\n\r\n        \r\n\r\n        \r\n\r\n        \r\n\r\n        \r\n\r\n        \r\n\r\n                \r\n\r\n\r\n                \r\n\r\n\r\n        \r\n\r\n        \r\n        \r\n        \r\n            <div class=\"about__four-left\">\r\n\t\t\t\t<div class=\"about__four-left-image\">\r\n                                        \t\t\t\t\t<div class=\"image-overlay dark__image\">\r\n                        \t\t\t\t\t<\/div>\r\n\t\t\t\t\t<div class=\"about__four-left-image-two image-overlay dark__image\">\r\n                        <img decoding=\"async\" src=\"https:\/\/riowincambalkon.com\/wp-content\/uploads\/2024\/01\/riowin-hakkimizda-1.webp\" alt=\"No alt text\" \/>\t\t\t\t\t<\/div>\r\n\t\t\t\t<\/div>\r\n\t\t\t<\/div>\r\n\r\n         \r\n        \r\n        \r\n          \r\n        \r\n\r\n\r\n        \t\t\t\t<\/div>\n\t\t\t\t<\/div>\n\t\t\t\t\t<\/div>\n\t\t<\/div>\n\t\t\t\t<div class=\"elementor-column elementor-col-50 elementor-top-column elementor-element elementor-element-85a7b5b\" data-id=\"85a7b5b\" data-element_type=\"column\" data-e-type=\"column\">\n\t\t\t<div class=\"elementor-widget-wrap elementor-element-populated\">\n\t\t\t\t\t\t<div class=\"elementor-element elementor-element-6003ad5 elementor-widget__width-initial elementor-widget-mobile__width-inherit elementor-widget elementor-widget-heading\" data-id=\"6003ad5\" data-element_type=\"widget\" data-e-type=\"widget\" data-widget_type=\"heading.default\">\n\t\t\t\t<div class=\"elementor-widget-container\">\n\t\t\t\t\t<h2 class=\"elementor-heading-title elementor-size-default\">Who Are We?<\/h2>\t\t\t\t<\/div>\n\t\t\t\t<\/div>\n\t\t\t\t<div class=\"elementor-element elementor-element-dd7f34a elementor-widget__width-initial elementor-widget-tablet__width-inherit elementor-widget elementor-widget-heading\" data-id=\"dd7f34a\" data-element_type=\"widget\" data-e-type=\"widget\" data-widget_type=\"heading.default\">\n\t\t\t\t<div class=\"elementor-widget-container\">\n\t\t\t\t\t<p class=\"elementor-heading-title elementor-size-default\">Erdo\u011fanlar Aluminum, established in 2004 as a family initiative under the leadership of Bekta\u015f Erdo\u011fan in the Ostim region of Ankara, began its services in the glass balcony sector. \n\n<br><br>The company has continued its growth in the industry by expanding its production capacity and has become one of the leading suppliers in the glass balcony sector with wholesale sales services. <br><br>Erdo\u011fanlar Aluminum, closely follows technological advancements and continuously improves its machinery park. It manufactures over 300 different product varieties using nearly 200 plastic injection molds in a 1500 m\u00b2 closed area. This innovative approach is one of the cornerstones of the company's success and continuous growth in the industry.<\/p>\t\t\t\t<\/div>\n\t\t\t\t<\/div>\n\t\t\t\t\t<\/div>\n\t\t<\/div>\n\t\t\t\t\t<\/div>\n\t\t<\/section>\n\t\t\t\t<\/div>","protected":false},"excerpt":{"rendered":"<p>Biz Kimiz ? 2004 y\u0131l\u0131nda Ankara&#8217;n\u0131n Ostim b\u00f6lgesinde Bekta\u015f Erdo\u011fan liderli\u011finde bir aile giri\u015fimi olarak kurulan Erdo\u011fanlar Al\u00fcminyum, cam balkon sekt\u00f6r\u00fcnde hizmet vermeye ba\u015flam\u0131\u015ft\u0131r. \u015eirket, sekt\u00f6rdeki b\u00fcy\u00fcmesini \u00fcretim kapasitesini geni\u015fleterek s\u00fcrd\u00fcrm\u00fc\u015f ve toptan sat\u0131\u015f hizmetleri ile cam balkon sekt\u00f6r\u00fcn\u00fcn \u00f6nde gelen tedarik\u00e7ilerinden biri haline gelmi\u015ftir. Teknolojik geli\u015fmeleri yak\u0131ndan takip eden ve makine park\u0131n\u0131 s\u00fcrekli yenileyerek [&hellip;]<\/p>\n","protected":false},"author":1,"featured_media":0,"parent":0,"menu_order":0,"comment_status":"closed","ping_status":"closed","template":"page-builder.php","meta":{"footnotes":""},"class_list":["post-40","page","type-page","status-publish","hentry"],"_links":{"self":[{"href":"https:\/\/riowincambalkon.com\/en\/wp-json\/wp\/v2\/pages\/40","targetHints":{"allow":["GET"]}}],"collection":[{"href":"https:\/\/riowincambalkon.com\/en\/wp-json\/wp\/v2\/pages"}],"about":[{"href":"https:\/\/riowincambalkon.com\/en\/wp-json\/wp\/v2\/types\/page"}],"author":[{"embeddable":true,"href":"https:\/\/riowincambalkon.com\/en\/wp-json\/wp\/v2\/users\/1"}],"replies":[{"embeddable":true,"href":"https:\/\/riowincambalkon.com\/en\/wp-json\/wp\/v2\/comments?post=40"}],"version-history":[{"count":29,"href":"https:\/\/riowincambalkon.com\/en\/wp-json\/wp\/v2\/pages\/40\/revisions"}],"predecessor-version":[{"id":3420,"href":"https:\/\/riowincambalkon.com\/en\/wp-json\/wp\/v2\/pages\/40\/revisions\/3420"}],"wp:attachment":[{"href":"https:\/\/riowincambalkon.com\/en\/wp-json\/wp\/v2\/media?parent=40"}],"curies":[{"name":"wp","href":"https:\/\/api.w.org\/{rel}","templated":true}]}}